{"id":3,"date":"2020-12-02T17:16:45","date_gmt":"2020-12-02T17:16:45","guid":{"rendered":"https:\/\/vivavistamare.com\/?page_id=3"},"modified":"2021-01-11T08:21:14","modified_gmt":"2021-01-11T08:21:14","slug":"privacy-policy","status":"publish","type":"page","link":"https:\/\/vivavistamare.com\/en\/privacy-policy\/","title":{"rendered":"Privacy Policy"},"content":{"rendered":"<h1 class=\"wp-block-heading\">PREMESSA<\/h1>\n\n\n\n<p>\u00a0Con la presente informativa, desideriamo informarLa su come raccogliamo, utilizziamo, trattiamo e comunichiamo i Suoi dati personali quando utilizza il sito internet\u00a0<em><strong>www.<\/strong><\/em><strong>vivavistamare.com<\/strong><\/p>\n\n\n\n<p>&nbsp;Il trattamento dei Suoi dati personali avverr\u00e0 nel rispetto dei principi di liceit\u00e0, correttezza, sicurezza e riservatezza di cui all\u2019art. 5 del Regolamento Europeo 27\/04\/2016, n. 2016\/679\/UE (di seguito, \u201c<strong>Regolamento<\/strong>\u201d) con le seguenti modalit\u00e0 e finalit\u00e0.<\/p>\n\n\n\n<h1 class=\"wp-block-heading\">&nbsp;SOGGETTI COINVOLTI NEL TRATTAMENTO&nbsp;<\/h1>\n\n\n\n<ul class=\"wp-block-list\"><li>\u00a0Il Titolare del trattamento dei dati personali (di seguito, \u201c<strong>Titolare<\/strong>\u201d) \u00e8 Viva vista mare<\/li><\/ul>\n\n\n\n<p>\u00a0Il Titolare dei Suoi dati personali \u00e8 il soggetto che determina le finalit\u00e0 e i mezzi del trattamento dei dati e pu\u00f2\u00a0 essere contattato mediante comunicazione scritta al seguente indirizzo e-mail:\u00a0info@vivavistamare.com\u00a0<\/p>\n\n\n\n<ul class=\"wp-block-list\"><li>\u00a0Il Responsabile del Trattamento (di seguito, \u201c<strong>Responsabile<\/strong>\u201d) che tratta di dati personali per conto del Titolare pu\u00f2\u00a0essere contattato all\u2019indirizzo e-mail:\u00a0info@vivavistamare.com\u00a0\u00a0\u00a0<\/li><li>\u00a0Gli Autorizzati al Trattamento dei dati personali (di seguito, \u201c<strong>Autorizzati<\/strong>\u201d) sono gli esecutori materiali del trattamento dei Suoi dati espressamente incaricati dal Titolare.<\/li><li>\u00a0Il gestore del sito internet\u00a0<em><strong>www.vivavistamare.com <\/strong><\/em>\u00e8 Viva Vista mare<\/li><\/ul>\n\n\n\n<h1 class=\"wp-block-heading\">&nbsp;FINALITA\u2019 DEL TRATTAMENTO E BASE GIURIDICA<\/h1>\n\n\n\n<p>\u00a0Il trattamento dei Suoi dati \u00e8 finalizzato a ricevere e gestire gli ordini, a fornirLe i nostri servizi , a processare i pagamenti, a comunicare con Lei in merito ai prodotti che ha ordinato e a fornirLe assistenza sulla scelta del prodotto e sullo stato di evasione dell\u2019ordine.<\/p>\n\n\n\n<p>\u00a0Per questo motivo, il sito\u00a0<em><strong>www.vivavistamare.com<\/strong><\/em>\u00a0utilizza\u00a0<em>cookie<\/em>\u00a0tecnici di navigazione. Per ulteriori informazioni, si veda la nostra Informativa sui\u00a0<em>Cookie.<\/em>\u00a0\u00a0<\/p>\n\n\n\n<p>&nbsp;La comunicazione dei Suoi dati personali \u00e8 su base volontaria. Tuttavia, siamo in grado di gestire e di rispondere alle Sue richieste e ai Suoi ordini solamente se raccogliamo i Suoi dati di contatto. Se non vengono forniti questi dati personali, il Titolare non pu\u00f2&nbsp; rispondere alle Sue richieste ed evadere gli ordini.<\/p>\n\n\n\n<p>\u00a0L\u2019accesso al sito internet\u00a0<em><strong><em><strong>www.vivavistamare.com<\/strong><\/em><\/strong><\/em>\u00a0e la compilazione del nostro\u00a0<em>form\u00a0<\/em>rappresentano un atto positivo inequivocabile con il quale manifesta la Sua intenzione libera, specifica, informata e inequivocabile di prestare il Suo consenso al trattamento dei Suoi dati personali oggetto del trattamento.<\/p>\n\n\n\n<p>\u00a0Il sito internet\u00a0<em><strong><em><strong><em><strong><em><strong>www.vivavistamare.com<\/strong><\/em><\/strong><\/em>\u00a0<\/strong><\/em><\/strong><\/em> si affida al proprio legittimo interesse commerciale di vendere sul mercato\u00a0<em>online<\/em>\u00a0i suoi corsi.<\/p>\n\n\n\n<p>\u00a0Gli utenti che intendono acquistare i nostri soggiorni  tramite il sito\u00a0<em><strong><em><strong><em><strong>www.vivavistamare.com<\/strong><\/em><\/strong><\/em>\u00a0<\/strong><\/em> hanno facolt\u00e0 di registrarsi e creare un\u00a0<em>Account<\/em>\u00a0Utente di accesso, tramite il quale sono abilitati ad effettuare gli ordini.<\/p>\n\n\n\n<p>&nbsp;Le informazioni che fornisce per gestire \u201cIl Tuo Account\u201d, sono da noi utilizzate esclusivamente per gestire gli ordini.<\/p>\n\n\n\n<h1 class=\"wp-block-heading\">&nbsp;CATEGORIE DI DATI OGGETTO DEL TRATTAMENTO<\/h1>\n\n\n\n<p>&nbsp;I dati personali oggetto del trattamento, che sono trattati esclusivamente per le finalit\u00e0 indicate nella presente informativa sono dati personali identificativi, quali il nome, il cognome, l\u2019indirizzo e-mail, il numero di telefono, il numero di fax, la ragione sociale, il codice fiscale, la partita iva, l\u2019indirizzo, la&nbsp;<em>password<\/em>, i dati bancari o della carta di credito o di qualsiasi altra carta di debito e\/o credito abilitata al pagamento perch\u00e9 necessari al fine di evadere i Suoi ordini.&nbsp;<\/p>\n\n\n\n<p>&nbsp;Raccogliamo anche i dati del&nbsp;<em>computer<\/em>&nbsp;di chi accede al sito utilizzando il telefono cellulare, il&nbsp;<em>tablet&nbsp;<\/em>o altro dispositivo che venga utilizzato per accedere ai nostri servizi, quindi indirizzo IP, il&nbsp;<em>browser<\/em>, le impostazioni sulla lingua o altre informazioni che per&nbsp; vengono anonimizzate. Per ulteriori informazioni, si veda la nostra Informativa sui&nbsp;<em>Cookie.<\/em>&nbsp;&nbsp;<\/p>\n\n\n\n<h1 class=\"wp-block-heading\">&nbsp;MODALITA\u2019 DEL TRATTAMENTO<\/h1>\n\n\n\n<p>&nbsp;Il trattamento dei Suoi dati personali avviene nei modi e nei limiti necessari per perseguire le finalit\u00e0 indicate nella presente informativa mediante mezzi informatici dotati di apposite procedure finalizzate alla salvaguardia dei dati personali che ci ha fornito.<\/p>\n\n\n\n<p>&nbsp;Le procedure che utilizziamo sono finalizzate ad impedire gli accessi non autorizzati sui nostri&nbsp;<em>server<\/em>&nbsp;e\/o un loro uso improprio oltre che a prevenire la perdita dei dati.<\/p>\n\n\n\n<p>&nbsp;Utilizziamo anche procedure di sicurezza che limitano l\u2019accesso ai locali dove sono posizionati i nostri&nbsp;<em>server<\/em>&nbsp;al fine di consentire l\u2019accesso solo al Titolare, al Responsabile e ai soggetti espressamente autorizzati dal Titolare che potranno accedere ai Suoi dati soltanto per l\u2019espletamento delle loro mansioni.<\/p>\n\n\n\n<p>\u00a0Per le tipologie di servizi offerti dal sito internet\u00a0<em><strong><em><strong><em><strong><em><strong>www.vivavistamare.com<\/strong><\/em><\/strong><\/em>\u00a0<\/strong><\/em><\/strong><\/em>\u00a0si presume che i dati personali siano destinati principalmente ad un pubblico di et\u00e0 superiore ai 14 anni. Se veniamo a conoscenza che un utente che si registra sul nostro sito \u00e8 un minore di 14 anni, sar\u00e0 necessaria l\u2019autorizzazione e il consenso del genitore o del tutore legale.\u00a0 Se veniamo a conoscenza del trattamento di dati di persone al di sotto dei 14 anni di et\u00e0 senza l\u2019esplicito consenso di un genitore o del tutore legale, ci riserviamo il diritto di cancellare tali dati.<\/p>\n\n\n\n<h1 class=\"wp-block-heading\">&nbsp;CONSERVAZIONE DEI DATI&nbsp;<\/h1>\n\n\n\n<p>\u00a0I dati che inserite nel nostro sito<em><strong><em><strong>www.vivavistamare.com<\/strong><\/em><\/strong><\/em>\u00a0 \u00a0sono conservati nel nostro indirizzo di posta elettronica collegata al sito web, salvati sui nostri Computer e, nel caso di clienti persone giuridiche, i dati vengono conservati all\u2019interno del nostro gestionale, nei nostri archivi cartacei e telematici.<\/p>\n\n\n\n<p>&nbsp;I dati sono conservati e archiviati per tutto il tempo necessario per il conseguimento delle finalit\u00e0 per le quali sono raccolti e trattati e, successivamente, per il tempo necessario per consentirLe di utilizzare il nostro&nbsp;<em>form<\/em>, per ottemperare alla legge applicabile, per risolvere controversie con qualsiasi parte e comunque per un periodo di tempo non superiore a 10 anni.<\/p>\n\n\n\n<h1 class=\"wp-block-heading\">&nbsp;COMUNICAZIONE DEI DATI<\/h1>\n\n\n\n<p>&nbsp;I Suoi dati personali potranno essere comunicati al Responsabile ai soggetti incaricati di evadere gli ordini&nbsp;<em>online<\/em>&nbsp;ed espressamente autorizzati dal Titolare.<\/p>\n\n\n\n<p>&nbsp;I Suoi dati personali possono essere conosciuti dai dipendenti del Titolare nella loro qualit\u00e0 di autorizzati al trattamento e dai destinatari.<\/p>\n\n\n\n<p>&nbsp;I Suoi dati personali non sono soggetti ad alcun processo decisionale interamente automatizzato, ivi compresa la profilazione.<\/p>\n\n\n\n<h1 class=\"wp-block-heading\">TRASFERIMENTO DEI DATI<\/h1>\n\n\n\n<p>&nbsp;I Suoi dati non saranno trasferiti in uno degli Stati membri dell\u2019Unione Europea n\u00e9 in Paesi terzi che non appartengono all\u2019Unione Europea.&nbsp;<\/p>\n\n\n\n<h1 class=\"wp-block-heading\">&nbsp;DIRITTI DELL\u2019INTERESSATO<\/h1>\n\n\n\n<p>&nbsp;In ogni momento, puoi esercitare ai sensi degli artt. 15 \u2013 16- 17 -18 \u2013 19- 20 \u2013 21 \u2013 22 del Regolamento, il diritto di:<\/p>\n\n\n\n<ol class=\"wp-block-list\"><li>&nbsp;chiedere al Titolare se sia o meno in corso un trattamento dei Tuoi dati personali;<\/li><li>&nbsp;chiedere al Titolare di ottenere le indicazioni circa le finalit\u00e0 del trattamento, le categorie dei dati personali, i destinatari o le categorie di destinatari a cui i dati personali sono stati o saranno comunicati e, quando possibile, il periodo di conservazione oppure se non \u00e8 possibile, i criteri utilizzati per determinare tale periodo;<\/li><li>&nbsp;ottenere l\u2019aggiornamento, la rettifica e la cancellazione dei dati o la limitazione del trattamento dei dati che la riguardano;<\/li><li>&nbsp;ottenere la portabilit\u00e0 dei dati, ossia riceverli da un titolare del trattamento, in un formato strutturato, di uso comune e leggibile da dispositivo automatico, e trasmetterli ad un altro titolare del trattamento senza impedimenti;<\/li><li>&nbsp;opporsi al trattamento in qualsiasi momento;<\/li><li>&nbsp;proporre reclamo ad una autorit\u00e0 di controllo;<\/li><li>&nbsp;ottenere tutte le informazioni disponibili sull\u2019origine dei dati, qualora questi ultimi non siano raccolti presso di Lei;<\/li><li>&nbsp;opporsi ad un processo decisionale automatizzato relativo alle persone fisiche, compresa la profilazione;<\/li><li>&nbsp;chiedere al titolare del trattamento l\u2019accesso ai dati personali e la rettifica dei dati personali inesatti che la riguardano e ottenere l\u2019integrazione dei dati personali incompleti, anche fornendo dichiarazione integrativa;<\/li><li>&nbsp;ottenere la cancellazione dei dati personali che la riguardano se sussiste uno dei motivi indicati nell\u2019art. 17 del Regolamento;<\/li><li>&nbsp;di ottenere la limitazione del trattamento quando ricorre una delle ipotesi di cui all\u2019art. 18 del Regolamento e di ottenere informazioni nel caso di rettifica, cancellazione dei dati personali o limitazione del trattamento e\/o di opporsi al loro trattamento, oltre al diritto alla portabilit\u00e0 dei dati;<\/li><li>&nbsp;revocare il consenso in qualsiasi momento senza pregiudicare la liceit\u00e0 del trattamento basata sul consenso prestato prima della revoca;<\/li><\/ol>\n\n\n\n<p>\u00a0Lei pu\u00f2  esercitare i suoi diritti con richiesta scritta da inviare al Titolare al seguente indirizzo e-mail:\u00a0info@vivastamare.com\u00a0oppure con richiesta scritta inviata a mezzo raccomandata a.r. presso la sede del Titolare.<\/p>","protected":false},"excerpt":{"rendered":"<p>PREMESSA \u00a0Con la presente informativa, desideriamo informarLa su come raccogliamo, utilizziamo, trattiamo e comunichiamo i Suoi dati personali quando utilizza il sito internet\u00a0www.vivavistamare.com &nbsp;Il trattamento dei Suoi dati personali avverr\u00e0 nel rispetto dei principi di liceit\u00e0, correttezza, sicurezza e riservatezza di cui all\u2019art. 5 del Regolamento Europeo 27\/04\/2016, n. 2016\/679\/UE (di seguito, \u201cRegolamento\u201d) con le [&hellip;]<\/p>\n","protected":false},"author":1,"featured_media":0,"parent":0,"menu_order":0,"comment_status":"closed","ping_status":"open","template":"","meta":{"_joinchat":[],"footnotes":""},"class_list":["post-3","page","type-page","status-publish","hentry"],"yoast_head":"<!-- This site is optimized with the Yoast SEO plugin v27.5 - https:\/\/yoast.com\/product\/yoast-seo-wordpress\/ -->\n<title>Privacy Policy - Viva Vista Mare<\/title>\n<meta name=\"robots\" content=\"index, follow, max-snippet:-1, max-image-preview:large, max-video-preview:-1\" \/>\n<link rel=\"canonical\" href=\"https:\/\/vivavistamare.com\/en\/privacy-policy\/\" \/>\n<meta property=\"og:locale\" content=\"en_GB\" \/>\n<meta property=\"og:type\" content=\"article\" \/>\n<meta property=\"og:title\" content=\"Privacy Policy - Viva Vista Mare\" \/>\n<meta property=\"og:description\" content=\"PREMESSA \u00a0Con la presente informativa, desideriamo informarLa su come raccogliamo, utilizziamo, trattiamo e comunichiamo i Suoi dati personali quando utilizza il sito internet\u00a0www.vivavistamare.com &nbsp;Il trattamento dei Suoi dati personali avverr\u00e0 nel rispetto dei principi di liceit\u00e0, correttezza, sicurezza e riservatezza di cui all\u2019art. 5 del Regolamento Europeo 27\/04\/2016, n. 2016\/679\/UE (di seguito, \u201cRegolamento\u201d) con le [&hellip;]\" \/>\n<meta property=\"og:url\" content=\"https:\/\/vivavistamare.com\/en\/privacy-policy\/\" \/>\n<meta property=\"og:site_name\" content=\"Viva Vista Mare\" \/>\n<meta property=\"article:publisher\" content=\"https:\/\/www.facebook.com\/vivavistamare\/\" \/>\n<meta property=\"article:modified_time\" content=\"2021-01-11T08:21:14+00:00\" \/>\n<meta name=\"twitter:card\" content=\"summary_large_image\" \/>\n<meta name=\"twitter:label1\" content=\"Estimated reading time\" \/>\n\t<meta name=\"twitter:data1\" content=\"7 minutes\" \/>\n<script type=\"application\/ld+json\" class=\"yoast-schema-graph\">{\"@context\":\"https:\\\/\\\/schema.org\",\"@graph\":[{\"@type\":\"WebPage\",\"@id\":\"https:\\\/\\\/vivavistamare.com\\\/privacy-policy\\\/\",\"url\":\"https:\\\/\\\/vivavistamare.com\\\/privacy-policy\\\/\",\"name\":\"Privacy Policy - Viva Vista Mare\",\"isPartOf\":{\"@id\":\"https:\\\/\\\/vivavistamare.com\\\/#website\"},\"datePublished\":\"2020-12-02T17:16:45+00:00\",\"dateModified\":\"2021-01-11T08:21:14+00:00\",\"breadcrumb\":{\"@id\":\"https:\\\/\\\/vivavistamare.com\\\/privacy-policy\\\/#breadcrumb\"},\"inLanguage\":\"en-GB\",\"potentialAction\":[{\"@type\":\"ReadAction\",\"target\":[\"https:\\\/\\\/vivavistamare.com\\\/privacy-policy\\\/\"]}]},{\"@type\":\"BreadcrumbList\",\"@id\":\"https:\\\/\\\/vivavistamare.com\\\/privacy-policy\\\/#breadcrumb\",\"itemListElement\":[{\"@type\":\"ListItem\",\"position\":1,\"name\":\"Home\",\"item\":\"https:\\\/\\\/vivavistamare.com\\\/\"},{\"@type\":\"ListItem\",\"position\":2,\"name\":\"Privacy Policy\"}]},{\"@type\":\"WebSite\",\"@id\":\"https:\\\/\\\/vivavistamare.com\\\/#website\",\"url\":\"https:\\\/\\\/vivavistamare.com\\\/\",\"name\":\"Viva Vista Mare\",\"description\":\"Relax e comodit\u00e0 a pochi passi dal mare\",\"publisher\":{\"@id\":\"https:\\\/\\\/vivavistamare.com\\\/#organization\"},\"potentialAction\":[{\"@type\":\"SearchAction\",\"target\":{\"@type\":\"EntryPoint\",\"urlTemplate\":\"https:\\\/\\\/vivavistamare.com\\\/?s={search_term_string}\"},\"query-input\":{\"@type\":\"PropertyValueSpecification\",\"valueRequired\":true,\"valueName\":\"search_term_string\"}}],\"inLanguage\":\"en-GB\"},{\"@type\":\"Organization\",\"@id\":\"https:\\\/\\\/vivavistamare.com\\\/#organization\",\"name\":\"Viva Vista Mare\",\"url\":\"https:\\\/\\\/vivavistamare.com\\\/\",\"logo\":{\"@type\":\"ImageObject\",\"inLanguage\":\"en-GB\",\"@id\":\"https:\\\/\\\/vivavistamare.com\\\/#\\\/schema\\\/logo\\\/image\\\/\",\"url\":\"https:\\\/\\\/vivavistamare.com\\\/wp-content\\\/uploads\\\/2020\\\/12\\\/Viva-vista-mare-logo-png.png\",\"contentUrl\":\"https:\\\/\\\/vivavistamare.com\\\/wp-content\\\/uploads\\\/2020\\\/12\\\/Viva-vista-mare-logo-png.png\",\"width\":3528,\"height\":2272,\"caption\":\"Viva Vista Mare\"},\"image\":{\"@id\":\"https:\\\/\\\/vivavistamare.com\\\/#\\\/schema\\\/logo\\\/image\\\/\"},\"sameAs\":[\"https:\\\/\\\/www.facebook.com\\\/vivavistamare\\\/\",\"https:\\\/\\\/www.instagram.com\\\/vivavistamare\\\/\"]}]}<\/script>\n<!-- \/ Yoast SEO plugin. -->","yoast_head_json":{"title":"Privacy Policy - Viva Vista Mare","robots":{"index":"index","follow":"follow","max-snippet":"max-snippet:-1","max-image-preview":"max-image-preview:large","max-video-preview":"max-video-preview:-1"},"canonical":"https:\/\/vivavistamare.com\/en\/privacy-policy\/","og_locale":"en_GB","og_type":"article","og_title":"Privacy Policy - Viva Vista Mare","og_description":"PREMESSA \u00a0Con la presente informativa, desideriamo informarLa su come raccogliamo, utilizziamo, trattiamo e comunichiamo i Suoi dati personali quando utilizza il sito internet\u00a0www.vivavistamare.com &nbsp;Il trattamento dei Suoi dati personali avverr\u00e0 nel rispetto dei principi di liceit\u00e0, correttezza, sicurezza e riservatezza di cui all\u2019art. 5 del Regolamento Europeo 27\/04\/2016, n. 2016\/679\/UE (di seguito, \u201cRegolamento\u201d) con le [&hellip;]","og_url":"https:\/\/vivavistamare.com\/en\/privacy-policy\/","og_site_name":"Viva Vista Mare","article_publisher":"https:\/\/www.facebook.com\/vivavistamare\/","article_modified_time":"2021-01-11T08:21:14+00:00","twitter_card":"summary_large_image","twitter_misc":{"Estimated reading time":"7 minutes"},"schema":{"@context":"https:\/\/schema.org","@graph":[{"@type":"WebPage","@id":"https:\/\/vivavistamare.com\/privacy-policy\/","url":"https:\/\/vivavistamare.com\/privacy-policy\/","name":"Privacy Policy - Viva Vista Mare","isPartOf":{"@id":"https:\/\/vivavistamare.com\/#website"},"datePublished":"2020-12-02T17:16:45+00:00","dateModified":"2021-01-11T08:21:14+00:00","breadcrumb":{"@id":"https:\/\/vivavistamare.com\/privacy-policy\/#breadcrumb"},"inLanguage":"en-GB","potentialAction":[{"@type":"ReadAction","target":["https:\/\/vivavistamare.com\/privacy-policy\/"]}]},{"@type":"BreadcrumbList","@id":"https:\/\/vivavistamare.com\/privacy-policy\/#breadcrumb","itemListElement":[{"@type":"ListItem","position":1,"name":"Home","item":"https:\/\/vivavistamare.com\/"},{"@type":"ListItem","position":2,"name":"Privacy Policy"}]},{"@type":"WebSite","@id":"https:\/\/vivavistamare.com\/#website","url":"https:\/\/vivavistamare.com\/","name":"Viva Vista Mare","description":"Relax e comodit\u00e0 a pochi passi dal mare","publisher":{"@id":"https:\/\/vivavistamare.com\/#organization"},"potentialAction":[{"@type":"SearchAction","target":{"@type":"EntryPoint","urlTemplate":"https:\/\/vivavistamare.com\/?s={search_term_string}"},"query-input":{"@type":"PropertyValueSpecification","valueRequired":true,"valueName":"search_term_string"}}],"inLanguage":"en-GB"},{"@type":"Organization","@id":"https:\/\/vivavistamare.com\/#organization","name":"Viva Vista Mare","url":"https:\/\/vivavistamare.com\/","logo":{"@type":"ImageObject","inLanguage":"en-GB","@id":"https:\/\/vivavistamare.com\/#\/schema\/logo\/image\/","url":"https:\/\/vivavistamare.com\/wp-content\/uploads\/2020\/12\/Viva-vista-mare-logo-png.png","contentUrl":"https:\/\/vivavistamare.com\/wp-content\/uploads\/2020\/12\/Viva-vista-mare-logo-png.png","width":3528,"height":2272,"caption":"Viva Vista Mare"},"image":{"@id":"https:\/\/vivavistamare.com\/#\/schema\/logo\/image\/"},"sameAs":["https:\/\/www.facebook.com\/vivavistamare\/","https:\/\/www.instagram.com\/vivavistamare\/"]}]}},"jetpack_sharing_enabled":true,"_links":{"self":[{"href":"https:\/\/vivavistamare.com\/en\/wp-json\/wp\/v2\/pages\/3","targetHints":{"allow":["GET"]}}],"collection":[{"href":"https:\/\/vivavistamare.com\/en\/wp-json\/wp\/v2\/pages"}],"about":[{"href":"https:\/\/vivavistamare.com\/en\/wp-json\/wp\/v2\/types\/page"}],"author":[{"embeddable":true,"href":"https:\/\/vivavistamare.com\/en\/wp-json\/wp\/v2\/users\/1"}],"replies":[{"embeddable":true,"href":"https:\/\/vivavistamare.com\/en\/wp-json\/wp\/v2\/comments?post=3"}],"version-history":[{"count":0,"href":"https:\/\/vivavistamare.com\/en\/wp-json\/wp\/v2\/pages\/3\/revisions"}],"wp:attachment":[{"href":"https:\/\/vivavistamare.com\/en\/wp-json\/wp\/v2\/media?parent=3"}],"curies":[{"name":"wp","href":"https:\/\/api.w.org\/{rel}","templated":true}]}}